{"id":1408,"date":"2021-08-11T04:07:33","date_gmt":"2021-08-11T04:07:33","guid":{"rendered":"https:\/\/bslthemes.site\/larson\/?page_id=1408"},"modified":"2022-04-08T21:10:48","modified_gmt":"2022-04-08T21:10:48","slug":"terms-conditions","status":"publish","type":"page","link":"https:\/\/www.mirnadomgroup.com\/tr\/terms-conditions\/","title":{"rendered":"H\u00fck\u00fcm ve Ko\u015fullar"},"content":{"rendered":"<p>Y\u00fcr\u00fcrl\u00fck tarihi \u2013 8 Nisan 2022<\/p>\n\n\n\n<p>Bu Ko\u015fullar, Mirnadom DOO (\"biz\", \"biz\" veya \"bizim\" taraf\u0131ndan i\u015fletilen) https:\/\/www.mirnadom.com web sitesinde (\"Hizmet\") bulunan t\u00fcm i\u00e7eri\u011fe, \u00dcr\u00fcn ve Hizmetlere eri\u015fiminizi, kullan\u0131m\u0131n\u0131z\u0131 d\u00fczenler. ).<\/p>\n\n\n\n<p>Hizmetlerimize eri\u015fiminiz, burada yer alan t\u00fcm h\u00fck\u00fcm ve ko\u015fullar\u0131 ve yay\u0131nlanan ve zaman zaman bizim taraf\u0131m\u0131zdan yay\u0131nlanabilecek t\u00fcm di\u011fer \u00e7al\u0131\u015fma kurallar\u0131n\u0131 ve politikalar\u0131n\u0131 hi\u00e7bir de\u011fi\u015fiklik olmaks\u0131z\u0131n kabul etmenize tabidir.<\/p>\n\n\n\n<p>L\u00fctfen Hizmetlerimize eri\u015fmeden veya Hizmetlerimizi kullanmadan \u00f6nce S\u00f6zle\u015fmeyi dikkatlice okuyun. Hizmetlerimizin herhangi bir b\u00f6l\u00fcm\u00fcne eri\u015ferek veya bunlar\u0131 kullanarak, bu Ko\u015fullara ba\u011fl\u0131 kalmay\u0131 kabul edersiniz. S\u00f6zle\u015fme ko\u015fullar\u0131n\u0131n herhangi bir b\u00f6l\u00fcm\u00fcn\u00fc kabul etmiyorsan\u0131z, Hizmetlerimize eri\u015femez veya Hizmetlerimizi kullanamazs\u0131n\u0131z.<\/p>\n\n\n\n<h2 class=\"wp-block-heading\">Fikri M\u00fclkiyet<\/h2>\n\n\n\n<p>S\u00f6zle\u015fme, Bizden size herhangi bir Bizim veya \u00fc\u00e7\u00fcnc\u00fc \u015fah\u0131s fikri m\u00fclkiyet hakk\u0131n\u0131 devretmez ve bu m\u00fclkiyete ili\u015fkin t\u00fcm haklar, m\u00fclkiyet ve menfaatler (taraflar aras\u0131nda oldu\u011fu gibi) yaln\u0131zca Mirnadom DOO ve lisans verenlerine ait olacakt\u0131r.<\/p>\n\n\n\n<h3 class=\"wp-block-heading\">\u00dc\u00e7\u00fcnc\u00fc Taraf Hizmetleri<\/h3>\n\n\n\n<p>Hizmetleri kullan\u0131rken, \u00fc\u00e7\u00fcnc\u00fc taraf hizmetleri, \u00fcr\u00fcnleri, yaz\u0131l\u0131mlar\u0131, yerle\u015ftirmeleri veya \u00fc\u00e7\u00fcnc\u00fc bir taraf\u00e7a geli\u015ftirilen uygulamalar\u0131 (\u201c\u00dc\u00e7\u00fcnc\u00fc Taraf Hizmetleri\u201d) kullanabilirsiniz.<\/p>\n\n\n\n<p>Herhangi bir \u00dc\u00e7\u00fcnc\u00fc Taraf Hizmetini kullan\u0131rsan\u0131z, \u015funlar\u0131 anlars\u0131n\u0131z:<\/p>\n\n\n\n<ul class=\"wp-block-list\"><li>Bir \u00dc\u00e7\u00fcnc\u00fc \u015eah\u0131s Hizmetinin herhangi bir \u015fekilde kullan\u0131lmas\u0131n\u0131n riski size aittir ve \u00dc\u00e7\u00fcnc\u00fc \u015eah\u0131s web siteleri veya Hizmetleri i\u00e7in hi\u00e7 kimseye kar\u015f\u0131 sorumlu veya y\u00fck\u00fcml\u00fc olmayaca\u011f\u0131z.<\/li><li>Bu t\u00fcr web siteleri veya hizmetler arac\u0131l\u0131\u011f\u0131yla veya bunlar arac\u0131l\u0131\u011f\u0131yla sunulan bu t\u00fcr i\u00e7erik, mal veya hizmetlerin kullan\u0131m\u0131ndan kaynaklanan veya neden oldu\u011fu iddia edilen herhangi bir hasar veya kay\u0131ptan sorumlu veya y\u00fck\u00fcml\u00fc olmayaca\u011f\u0131m\u0131z\u0131 kabul ve beyan edersiniz.<\/li><\/ul>\n\n\n\n<h2 class=\"wp-block-heading\">Hesaplar<\/h2>\n\n\n\n<p>Hizmetlerimizin herhangi bir b\u00f6l\u00fcm\u00fcn\u00fcn kullan\u0131m\u0131n\u0131n bir hesap gerektirdi\u011fi durumlarda, bir hesap i\u00e7in kaydoldu\u011funuzda bize tam ve do\u011fru bilgileri vermeyi kabul edersiniz.<\/p>\n\n\n\n<p>Hesab\u0131n\u0131z alt\u0131nda ger\u00e7ekle\u015fen herhangi bir faaliyetten yaln\u0131zca siz sorumlu olacaks\u0131n\u0131z. Hesap bilgilerinizi g\u00fcncel tutmaktan ve \u015fifrenizi g\u00fcvende tutmaktan siz sorumlusunuz.<\/p>\n\n\n\n<p>Hizmete eri\u015fmek i\u00e7in kulland\u0131\u011f\u0131n\u0131z hesab\u0131n\u0131z\u0131n g\u00fcvenli\u011fini sa\u011flamaktan siz sorumlusunuz. Eri\u015fim kimlik bilgilerinizi payla\u015fmayacak veya k\u00f6t\u00fcye kullanmayacaks\u0131n\u0131z. Hesab\u0131n\u0131z\u0131n herhangi bir yetkisiz kullan\u0131m\u0131ndan veya ba\u015fka bir g\u00fcvenlik ihlalinden haberdar olman\u0131zdan hemen sonra bizi bilgilendirmelisiniz.<\/p>\n\n\n\n<h2 class=\"wp-block-heading\">Sonland\u0131rma<\/h2>\n\n\n\n<p>Hizmetlerimizin tamam\u0131na veya herhangi bir k\u0131sm\u0131na eri\u015fiminizi herhangi bir zamanda, sebepli veya sebepsiz, bildirimde bulunarak veya bulunmadan derhal ge\u00e7erli olmak \u00fczere feshedebilir veya ask\u0131ya alabiliriz.<\/p>\n\n\n\n<p>S\u00f6zle\u015fmeyi veya Mirnadom DOO hesab\u0131n\u0131z\u0131 feshetmek isterseniz, Hizmetlerimizi kullanmay\u0131 b\u0131rakabilirsiniz.<\/p>\n\n\n\n<p>S\u00f6zle\u015fmenin do\u011fas\u0131 gere\u011fi fesihten sonra devam etmesi gereken t\u00fcm h\u00fck\u00fcmleri, m\u00fclkiyet h\u00fck\u00fcmleri, garanti feragatnameleri, tazminat ve sorumluluk s\u0131n\u0131rlamalar\u0131 dahil ancak bunlarla s\u0131n\u0131rl\u0131 olmamak \u00fczere fesihten sonra da ge\u00e7erli olacakt\u0131r.<\/p>\n\n\n\n<h2 class=\"wp-block-heading\">Sorumluluk Reddi<\/h2>\n\n\n\n<p>Hizmetlerimiz \u201cOLDU\u011eU G\u0130B\u0130\u201d ve \u201cMEVCUT OLDU\u011eU G\u0130B\u0130\u201d esaslar\u0131na g\u00f6re sa\u011flanmaktad\u0131r. Mirnadom DOO ve tedarik\u00e7ileri ve lisans verenleri, ticarete elveri\u015flilik, belirli bir amaca uygunluk ve ihlal etmeme garantileri dahil, ancak bunlarla s\u0131n\u0131rl\u0131 olmamak \u00fczere, a\u00e7\u0131k veya z\u0131mni her t\u00fcrl\u00fc garantiyi i\u015fbu belgeyle reddeder. Mirnadom DOO, tedarik\u00e7ileri ve lisans verenleri, Hizmetlerimizin hatas\u0131z olaca\u011f\u0131na veya bunlara eri\u015fimin s\u00fcrekli veya kesintisiz olaca\u011f\u0131na dair herhangi bir garanti vermez. Kendi takdirinize ve riskinize ba\u011fl\u0131 olarak, Hizmetlerimizden i\u00e7erik veya hizmet indirdi\u011finizi veya ba\u015fka bir \u015fekilde elde etti\u011finizi anl\u0131yorsunuz.<\/p>\n\n\n\n<h3 class=\"wp-block-heading\">Yarg\u0131 Yetkisi ve Uygulanacak Hukuk<\/h3>\n\n\n\n<p>Ge\u00e7erli herhangi bir yasan\u0131n aksini \u00f6ng\u00f6rmedi\u011fi \u00f6l\u00e7\u00fcde, S\u00f6zle\u015fme ve Hizmetlerimize eri\u015fim veya Hizmetlerin kullan\u0131m\u0131 Karada\u011f yasalar\u0131na tabi olacakt\u0131r.<\/p>\n\n\n\n<p>S\u00f6zle\u015fmeden kaynaklanan veya S\u00f6zle\u015fmeyle ilgili herhangi bir ihtilaf ve Hizmetlerimize eri\u015fim veya Hizmetlerin kullan\u0131m\u0131 i\u00e7in uygun yer, Karada\u011f'da bulunan resmi mahkemeler olacakt\u0131r.<\/p>\n\n\n\n<h2 class=\"wp-block-heading\">De\u011fi\u015fiklikler<\/h2>\n\n\n\n<p>Mirnadom DOO, kendi takdirine ba\u011fl\u0131 olarak, bu Ko\u015fullar\u0131 herhangi bir zamanda de\u011fi\u015ftirme veya de\u011fi\u015ftirme hakk\u0131n\u0131 sakl\u0131 tutar.<\/p>\n\n\n\n<p>\u00d6nemli olan de\u011fi\u015fiklikler yaparsak, de\u011fi\u015fiklikler y\u00fcr\u00fcrl\u00fc\u011fe girmeden \u00f6nce web sitemizde yay\u0131nlayarak veya size bir e-posta veya ba\u015fka bir ileti\u015fim g\u00f6ndererek sizi bilgilendirece\u011fiz. Bildirim, yeni \u015fartlar\u0131n y\u00fcr\u00fcrl\u00fc\u011fe girmesi i\u00e7in makul bir s\u00fcre belirleyecektir.<\/p>\n\n\n\n<p>De\u011fi\u015fikliklerimizi kabul etmiyorsan\u0131z, belirlenen bildirim s\u00fcresi i\u00e7inde veya de\u011fi\u015fiklikler y\u00fcr\u00fcrl\u00fc\u011fe girdi\u011finde Hizmetlerimizi kullanmay\u0131 b\u0131rakmal\u0131s\u0131n\u0131z.<\/p>\n\n\n\n<p>Hizmetlerimizi kullanmaya devam etmeniz yeni \u015fartlara tabi olacakt\u0131r.<\/p>","protected":false},"excerpt":{"rendered":"<p>Effective date &#8211; April 8, 2022 These Terms govern your access to, usage of all content, Product and Services available at https:\/\/www.mirnadom.com website (the \u201cService\u201d) operated by Mirnadom DOO (\u201cus\u201d, \u201cwe\u201d, or \u201cour\u201d). Your access to our services are subject to your acceptance, without modification, of all of the terms&#8230; <\/p>\n<div class=\"readmore\"><a href=\"https:\/\/www.mirnadomgroup.com\/tr\/terms-conditions\/\" class=\"btn-link\">Daha fazla oku<\/a><\/div>","protected":false},"author":1,"featured_media":0,"parent":0,"menu_order":0,"comment_status":"closed","ping_status":"closed","template":"","meta":{"_acf_changed":false,"_vp_format_video_url":"","_vp_image_focal_point":[],"footnotes":""},"class_list":["post-1408","page","type-page","status-publish","hentry"],"acf":[],"_links":{"self":[{"href":"https:\/\/www.mirnadomgroup.com\/tr\/wp-json\/wp\/v2\/pages\/1408","targetHints":{"allow":["GET"]}}],"collection":[{"href":"https:\/\/www.mirnadomgroup.com\/tr\/wp-json\/wp\/v2\/pages"}],"about":[{"href":"https:\/\/www.mirnadomgroup.com\/tr\/wp-json\/wp\/v2\/types\/page"}],"author":[{"embeddable":true,"href":"https:\/\/www.mirnadomgroup.com\/tr\/wp-json\/wp\/v2\/users\/1"}],"replies":[{"embeddable":true,"href":"https:\/\/www.mirnadomgroup.com\/tr\/wp-json\/wp\/v2\/comments?post=1408"}],"version-history":[{"count":1,"href":"https:\/\/www.mirnadomgroup.com\/tr\/wp-json\/wp\/v2\/pages\/1408\/revisions"}],"predecessor-version":[{"id":2075,"href":"https:\/\/www.mirnadomgroup.com\/tr\/wp-json\/wp\/v2\/pages\/1408\/revisions\/2075"}],"wp:attachment":[{"href":"https:\/\/www.mirnadomgroup.com\/tr\/wp-json\/wp\/v2\/media?parent=1408"}],"curies":[{"name":"wp","href":"https:\/\/api.w.org\/{rel}","templated":true}]}}