{"id":336,"date":"2021-06-17T07:17:41","date_gmt":"2021-06-17T07:17:41","guid":{"rendered":"https:\/\/bslthemes.site\/larson\/?page_id=336"},"modified":"2023-09-05T12:08:55","modified_gmt":"2023-09-05T12:08:55","slug":"services","status":"publish","type":"page","link":"https:\/\/www.mirnadomgroup.com\/tr\/services\/","title":{"rendered":"H\u0130ZMETLER"},"content":{"rendered":"<div data-elementor-type=\"wp-page\" data-elementor-id=\"336\" class=\"elementor elementor-336\">\n\t\t\t\t\t\t<section class=\"elementor-section elementor-top-section elementor-element elementor-element-24f918b elementor-section-full_width elementor-section-height-default elementor-section-height-default\" data-id=\"24f918b\" data-element_type=\"section\" data-e-type=\"section\">\n\t\t\t\t\t\t<div class=\"elementor-container elementor-column-gap-no\">\n\t\t\t\t\t<div class=\"elementor-column elementor-col-100 elementor-top-column elementor-element elementor-element-c77494c\" data-id=\"c77494c\" data-element_type=\"column\" data-e-type=\"column\">\n\t\t\t<div class=\"elementor-widget-wrap elementor-element-populated\">\n\t\t\t\t\t\t<div class=\"elementor-element elementor-element-794f13e elementor-widget elementor-widget-larson-intro\" data-id=\"794f13e\" data-element_type=\"widget\" data-e-type=\"widget\" data-widget_type=\"larson-intro.default\">\n\t\t\t\t<div class=\"elementor-widget-container\">\n\t\t\t\t\t\n\t\t<article class=\"article\">\n\t        <header class=\"article__header\">\n\t          <div class=\"container\">\n\t            \t            <h1 class=\"article__heading heading heading--size-large\">\n\t            \t<span >\n\t\t\t\t\t\tH\u0130ZMETLER\t\t\t\t\t<\/span>\n\t            <\/h1>\n\t            \t            \t          <\/div>\n\t        <\/header>\n\t        \t    <\/article>\n\n\t\t\t\t\t\t<\/div>\n\t\t\t\t<\/div>\n\t\t\t\t\t<\/div>\n\t\t<\/div>\n\t\t\t\t\t<\/div>\n\t\t<\/section>\n\t\t\t\t<section class=\"elementor-section elementor-top-section elementor-element elementor-element-3170334 elementor-section-full_width elementor-section-height-default elementor-section-height-default\" data-id=\"3170334\" data-element_type=\"section\" data-e-type=\"section\">\n\t\t\t\t\t\t<div class=\"elementor-container elementor-column-gap-no\">\n\t\t\t\t\t<div class=\"elementor-column elementor-col-100 elementor-top-column elementor-element elementor-element-03eea96\" data-id=\"03eea96\" data-element_type=\"column\" data-e-type=\"column\">\n\t\t\t<div class=\"elementor-widget-wrap elementor-element-populated\">\n\t\t\t\t\t\t<div class=\"elementor-element elementor-element-5501ffd elementor-widget elementor-widget-larson-services-list\" data-id=\"5501ffd\" data-element_type=\"widget\" data-e-type=\"widget\" data-widget_type=\"larson-services-list.default\">\n\t\t\t\t<div class=\"elementor-widget-container\">\n\t\t\t\t\t\n\t\t<div class=\"article__main container\">\n                    <section class=\"services-list\">\n          \t            <div class=\"services-list__item service-card\" data-aos=\"fade\">\n              <div class=\"service-card__inner\">\n                <div class=\"service-card__left\">\n                                    <div class=\"service-card__text\">\n                  \t<div >\n\t\t\t\t\t\t<p>Yat\u0131r\u0131mc\u0131lar\u0131m\u0131z\u0131 bilgilendirmek i\u00e7in uzman ekibimiz, tam de\u011fer potansiyeline ula\u015fmam\u0131\u015f b\u00f6lgelerde s\u00fcrekli ara\u015ft\u0131rma yapmaktad\u0131r.\u00a0<\/p>\t\t\t\t\t<\/div>\n                  <\/div>\n                  \t\t\t\t                    <div class=\"num\">\n                  \t<span >\n\t\t\t\t\t\t01\t\t\t\t\t<\/span>\n                  <\/div>\n                                  <\/div>\n                <div class=\"service-card__right\">\n                                    <img decoding=\"async\" src=\"https:\/\/www.mirnadomgroup.com\/wp-content\/uploads\/2022\/04\/ab-04.jpg\" alt=\"\" \/>\n                                    <div class=\"service-card__detail\">\n                                        <div class=\"service-card__tags\">\n                    \t<span >\n\t\t\t\t\t\t\tKonut\t\t\t\t\t\t<\/span>\n                    <\/div>\n                                                            <h2 class=\"service-card__heading\">\n                    \t<span >\n\t\t\t\t\t\t\tGayrimenkul Geli\u015ftirme\t\t\t\t\t\t<\/span>\n                    <\/h2>\n                                                            <a href=\"https:\/\/www.mirnadomgroup.com\/tr\/contact\/\" class=\"service-card__link\">\n                      <span >\n\t\t\t\t\t\tDetayl\u0131 bilgi i\u00e7in\t\t\t\t\t  <\/span>\n                      <svg width=\"20\" height=\"20\">\n                        <use xlink:href=\"#chevron-right\"><\/use>\n                      <\/svg>\n                    <\/a>\n                                      <\/div>\n                <\/div>\n              <\/div>\n            <\/div>\n                        <div class=\"services-list__item service-card service-card--reverse\" data-aos=\"fade\">\n              <div class=\"service-card__inner\">\n                <div class=\"service-card__left\">\n                                    <div class=\"service-card__text\">\n                  \t<div >\n\t\t\t\t\t\t<p>Konut, i\u015f merkezi, ofis ve otel in\u015faatlar\u0131n\u0131n her alt alan\u0131nda dan\u0131\u015fmanl\u0131k hizmeti veriyor ve projeler uyguluyoruz.<\/p>\t\t\t\t\t<\/div>\n                  <\/div>\n                  \t\t\t\t                    <div class=\"num\">\n                  \t<span >\n\t\t\t\t\t\t02\t\t\t\t\t<\/span>\n                  <\/div>\n                                  <\/div>\n                <div class=\"service-card__right\">\n                                    <img decoding=\"async\" src=\"https:\/\/www.mirnadomgroup.com\/wp-content\/uploads\/2022\/04\/ab-06.jpg\" alt=\"\" \/>\n                                    <div class=\"service-card__detail\">\n                                        <div class=\"service-card__tags\">\n                    \t<span >\n\t\t\t\t\t\t\tYap\u0131\t\t\t\t\t\t<\/span>\n                    <\/div>\n                                                            <h2 class=\"service-card__heading\">\n                    \t<span >\n\t\t\t\t\t\t\t\u0130n\u015faat\t\t\t\t\t\t<\/span>\n                    <\/h2>\n                                                            <a href=\"https:\/\/www.mirnadomgroup.com\/tr\/contact\/\" class=\"service-card__link\">\n                      <span >\n\t\t\t\t\t\tDetayl\u0131 bilgi i\u00e7in\t\t\t\t\t  <\/span>\n                      <svg width=\"20\" height=\"20\">\n                        <use xlink:href=\"#chevron-right\"><\/use>\n                      <\/svg>\n                    <\/a>\n                                      <\/div>\n                <\/div>\n              <\/div>\n            <\/div>\n                        <div class=\"services-list__item service-card\" data-aos=\"fade\">\n              <div class=\"service-card__inner\">\n                <div class=\"service-card__left\">\n                                    <div class=\"service-card__text\">\n                  \t<div >\n\t\t\t\t\t\t<p>\u00d6nceli\u011fimizin insan oldu\u011funu unutmadan g\u00fcvenli\u011fi en \u00fcst seviyede tutarak do\u011faya sayg\u0131l\u0131 m\u00fchendislik \u00e7\u00f6z\u00fcmleri \u00fcretiyoruz.\u00a0<\/p>\t\t\t\t\t<\/div>\n                  <\/div>\n                  \t\t\t\t                    <div class=\"num\">\n                  \t<span >\n\t\t\t\t\t\t03\t\t\t\t\t<\/span>\n                  <\/div>\n                                  <\/div>\n                <div class=\"service-card__right\">\n                                    <img decoding=\"async\" src=\"https:\/\/www.mirnadomgroup.com\/wp-content\/uploads\/2022\/04\/ab-03.jpg\" alt=\"\" \/>\n                                    <div class=\"service-card__detail\">\n                                        <div class=\"service-card__tags\">\n                    \t<span >\n\t\t\t\t\t\t\t\u0130n\u015faat\t\t\t\t\t\t<\/span>\n                    <\/div>\n                                                            <h2 class=\"service-card__heading\">\n                    \t<span >\n\t\t\t\t\t\t\tM\u00fchendislik \u00c7\u00f6z\u00fcmleri\t\t\t\t\t\t<\/span>\n                    <\/h2>\n                                                            <a href=\"https:\/\/www.mirnadomgroup.com\/tr\/contact\/\" class=\"service-card__link\">\n                      <span >\n\t\t\t\t\t\tDetayl\u0131 bilgi i\u00e7in\t\t\t\t\t  <\/span>\n                      <svg width=\"20\" height=\"20\">\n                        <use xlink:href=\"#chevron-right\"><\/use>\n                      <\/svg>\n                    <\/a>\n                                      <\/div>\n                <\/div>\n              <\/div>\n            <\/div>\n                      <\/section>\n                  <\/div>\n\n\t\t\t\t\t\t<\/div>\n\t\t\t\t<\/div>\n\t\t\t\t\t<\/div>\n\t\t<\/div>\n\t\t\t\t\t<\/div>\n\t\t<\/section>\n\t\t\t\t<\/div>","protected":false},"excerpt":{"rendered":"<p>Services Our team of experts is in continuous research in the regions that have not reached in their full value potential in order to inform our investors.\u00a0 01 Housing Real Estate Development Learn more We provide consultancy services and implement projects in every sub-section of housing, business center, office and&#8230; <\/p>\n<div class=\"readmore\"><a href=\"https:\/\/www.mirnadomgroup.com\/tr\/services\/\" class=\"btn-link\">Daha fazla oku<\/a><\/div>","protected":false},"author":1,"featured_media":0,"parent":0,"menu_order":0,"comment_status":"closed","ping_status":"closed","template":"template-elementor-default.php","meta":{"_acf_changed":false,"_vp_format_video_url":"","_vp_image_focal_point":[],"footnotes":""},"class_list":["post-336","page","type-page","status-publish","hentry"],"acf":[],"_links":{"self":[{"href":"https:\/\/www.mirnadomgroup.com\/tr\/wp-json\/wp\/v2\/pages\/336","targetHints":{"allow":["GET"]}}],"collection":[{"href":"https:\/\/www.mirnadomgroup.com\/tr\/wp-json\/wp\/v2\/pages"}],"about":[{"href":"https:\/\/www.mirnadomgroup.com\/tr\/wp-json\/wp\/v2\/types\/page"}],"author":[{"embeddable":true,"href":"https:\/\/www.mirnadomgroup.com\/tr\/wp-json\/wp\/v2\/users\/1"}],"replies":[{"embeddable":true,"href":"https:\/\/www.mirnadomgroup.com\/tr\/wp-json\/wp\/v2\/comments?post=336"}],"version-history":[{"count":55,"href":"https:\/\/www.mirnadomgroup.com\/tr\/wp-json\/wp\/v2\/pages\/336\/revisions"}],"predecessor-version":[{"id":4062,"href":"https:\/\/www.mirnadomgroup.com\/tr\/wp-json\/wp\/v2\/pages\/336\/revisions\/4062"}],"wp:attachment":[{"href":"https:\/\/www.mirnadomgroup.com\/tr\/wp-json\/wp\/v2\/media?parent=336"}],"curies":[{"name":"wp","href":"https:\/\/api.w.org\/{rel}","templated":true}]}}