{"id":454,"date":"2021-06-27T21:16:18","date_gmt":"2021-06-27T21:16:18","guid":{"rendered":"https:\/\/bslthemes.site\/larson\/?page_id=454"},"modified":"2022-05-05T10:14:01","modified_gmt":"2022-05-05T10:14:01","slug":"projects","status":"publish","type":"page","link":"https:\/\/www.mirnadomgroup.com\/tr\/projects\/","title":{"rendered":"Projeler"},"content":{"rendered":"<div data-elementor-type=\"wp-page\" data-elementor-id=\"454\" class=\"elementor elementor-454\">\n\t\t\t\t\t\t<section class=\"elementor-section elementor-top-section elementor-element elementor-element-a41e2b2 elementor-section-full_width elementor-hidden-tablet elementor-hidden-mobile elementor-section-height-default elementor-section-height-default\" data-id=\"a41e2b2\" data-element_type=\"section\" data-e-type=\"section\">\n\t\t\t\t\t\t<div class=\"elementor-container elementor-column-gap-no\">\n\t\t\t\t\t<div class=\"elementor-column elementor-col-100 elementor-top-column elementor-element elementor-element-97c067e\" data-id=\"97c067e\" data-element_type=\"column\" data-e-type=\"column\">\n\t\t\t<div class=\"elementor-widget-wrap elementor-element-populated\">\n\t\t\t\t\t\t<div class=\"elementor-element elementor-element-4f6d00e elementor-widget elementor-widget-larson-intro\" data-id=\"4f6d00e\" data-element_type=\"widget\" data-e-type=\"widget\" data-widget_type=\"larson-intro.default\">\n\t\t\t\t<div class=\"elementor-widget-container\">\n\t\t\t\t\t\n\t\t<article class=\"article\">\n\t        <header class=\"article__header\">\n\t          <div class=\"container\">\n\t            \t            <h1 class=\"article__heading heading heading--size-large\">\n\t            \t<span >\n\t\t\t\t\t\tProjeler\t\t\t\t\t<\/span>\n\t            <\/h1>\n\t            \t            \t          <\/div>\n\t        <\/header>\n\t        \t    <\/article>\n\n\t\t\t\t\t\t<\/div>\n\t\t\t\t<\/div>\n\t\t\t\t\t<\/div>\n\t\t<\/div>\n\t\t\t\t\t<\/div>\n\t\t<\/section>\n\t\t\t\t<section class=\"elementor-section elementor-top-section elementor-element elementor-element-a301033 elementor-section-full_width elementor-hidden-tablet elementor-hidden-mobile elementor-section-height-default elementor-section-height-default\" data-id=\"a301033\" data-element_type=\"section\" data-e-type=\"section\">\n\t\t\t\t\t\t<div class=\"elementor-container elementor-column-gap-no\">\n\t\t\t\t\t<div class=\"elementor-column elementor-col-100 elementor-top-column elementor-element elementor-element-82b94f1\" data-id=\"82b94f1\" data-element_type=\"column\" data-e-type=\"column\">\n\t\t\t<div class=\"elementor-widget-wrap elementor-element-populated\">\n\t\t\t\t\t\t<div class=\"elementor-element elementor-element-65ce472 elementor-widget elementor-widget-larson-portfolio\" data-id=\"65ce472\" data-element_type=\"widget\" data-e-type=\"widget\" data-widget_type=\"larson-portfolio.default\">\n\t\t\t\t<div class=\"elementor-widget-container\">\n\t\t\t\t\t\n\t\t\n\t\t<div class=\"article__main article__main--width-full container\">\n\n                    <ul class=\"projects-masonry row __js_projects-grid projects-grid-col-4\">\n          \t<li class=\"grid-sizer\"><\/li>\n          \t\n\n<li class=\"projects-masonry__item col-12 col-md-6 col-xl-3 __js_masonry-item __js_own-investment\">\n  <a class=\"card card--small card--masonry\" href=\"https:\/\/www.mirnadomgroup.com\/tr\/portfolio\/item\/verde-di-oliva-residences\/\">\n        <div class=\"card__image card__image-m\">\n      <img decoding=\"async\" src=\"https:\/\/www.mirnadomgroup.com\/wp-content\/uploads\/2021\/08\/vdo-01-900x880.jpg\" alt=\"Verde di Oliva Residences\" \/>\n    <\/div>\n        <div class=\"card__content\">\n            <h3 class=\"card__heading\">\n      \tVerde di Oliva Rezidanslar\u0131      <\/h3>\n                  <div class=\"card__text\">\n      \tBar, Karada\u011f'\u0131n en de\u011ferli ve g\u00fczel koyu Dobra Voda'n\u0131n ilk rezidans projesi. Sahiplerine 360\u00b0 hizmet sunar.<br \/> <br \/><strong>ANAHTAR TESL\u0130M<\/strong>      <\/div>\n            <div class=\"card__bottom\">\n        <span class=\"card__link\">\n          See project          <svg width=\"20\" height=\"20\">\n            <use xlink:href=\"#chevron-right\"><\/use>\n          <\/svg>\n        <\/span>\n      <\/div>\n    <\/div>\n  <\/a>\n<\/li>\n\n<li class=\"projects-masonry__item col-12 col-md-6 col-xl-3 __js_masonry-item __js_rough-construction\">\n  <a class=\"card card--small card--masonry\" href=\"https:\/\/www.mirnadomgroup.com\/tr\/portfolio\/item\/pamc-residence-complex\/\">\n        <div class=\"card__image card__image-m\">\n      <img decoding=\"async\" src=\"https:\/\/www.mirnadomgroup.com\/wp-content\/uploads\/2021\/08\/pamc-01-900x900.jpg\" alt=\"PAMC Residence Complex\" \/>\n    <\/div>\n        <div class=\"card__content\">\n            <h3 class=\"card__heading\">\n      \tPAMC Rezidans Kompleksi      <\/h3>\n                  <div class=\"card__text\">\n      \tSakinler, otel misafirleri ve yerel halk i\u00e7in ev ve ayn\u0131 zamanda bir toplanma yeri olacak \u015fekilde tasarlanm\u0131\u015ft\u0131r. <br \/> <br \/><strong>KABA YAPI<\/strong>      <\/div>\n            <div class=\"card__bottom\">\n        <span class=\"card__link\">\n          See project          <svg width=\"20\" height=\"20\">\n            <use xlink:href=\"#chevron-right\"><\/use>\n          <\/svg>\n        <\/span>\n      <\/div>\n    <\/div>\n  <\/a>\n<\/li>\n\n<li class=\"projects-masonry__item col-12 col-md-6 col-xl-3 __js_masonry-item __js_fine-construction\">\n  <a class=\"card card--small card--masonry\" href=\"https:\/\/www.mirnadomgroup.com\/tr\/portfolio\/item\/azurro-apartments\/\">\n        <div class=\"card__image card__image-m\">\n      <img decoding=\"async\" src=\"https:\/\/www.mirnadomgroup.com\/wp-content\/uploads\/2022\/04\/azurro.jpg\" alt=\"Azurro Apartments\" \/>\n    <\/div>\n        <div class=\"card__content\">\n            <h3 class=\"card__heading\">\n      \tAzurro Daireleri      <\/h3>\n                  <div class=\"card__text\">\n      \tModern apartman binas\u0131, \u00e7evredeki peyzajla se\u00e7kin, zarif \u015fekil uyumlar\u0131 sa\u011flayan en son sahil trendlerine uygundur. <br \/> <br \/><strong>\u0130NCE YAPI<\/strong>      <\/div>\n            <div class=\"card__bottom\">\n        <span class=\"card__link\">\n          See project          <svg width=\"20\" height=\"20\">\n            <use xlink:href=\"#chevron-right\"><\/use>\n          <\/svg>\n        <\/span>\n      <\/div>\n    <\/div>\n  <\/a>\n<\/li>\n\n<li class=\"projects-masonry__item col-12 col-md-6 col-xl-3 __js_masonry-item __js_rough-construction\">\n  <a class=\"card card--small card--masonry\" href=\"https:\/\/www.mirnadomgroup.com\/tr\/portfolio\/item\/2-decembar-apartment\/\">\n        <div class=\"card__image card__image-m\">\n      <img decoding=\"async\" src=\"https:\/\/www.mirnadomgroup.com\/wp-content\/uploads\/2022\/05\/2-decembar-04.jpg\" alt=\"2 Decembar Apartment\" \/>\n    <\/div>\n        <div class=\"card__content\">\n            <h3 class=\"card__heading\">\n      \t2 Decembar Apartman\u0131      <\/h3>\n                  <div class=\"card__text\">\n      \tBar, \u0160u\u015banj'\u0131n yeni konut b\u00f6lgesinde yepyeni konut binas\u0131 lisenin yan\u0131nda yer almakta ve plaja 750 metre uzakl\u0131kta. <br \/> <br \/><strong>KABA YAPI<\/strong>      <\/div>\n            <div class=\"card__bottom\">\n        <span class=\"card__link\">\n          See project          <svg width=\"20\" height=\"20\">\n            <use xlink:href=\"#chevron-right\"><\/use>\n          <\/svg>\n        <\/span>\n      <\/div>\n    <\/div>\n  <\/a>\n<\/li>          <\/ul>\n\n          \n        <\/div>\n\n\t\t\t\t\t\t<\/div>\n\t\t\t\t<\/div>\n\t\t\t\t\t<\/div>\n\t\t<\/div>\n\t\t\t\t\t<\/div>\n\t\t<\/section>\n\t\t\t\t<section class=\"elementor-section elementor-top-section elementor-element elementor-element-a2a2bf8 elementor-section-full_width elementor-hidden-desktop elementor-section-height-default elementor-section-height-default\" data-id=\"a2a2bf8\" data-element_type=\"section\" data-e-type=\"section\">\n\t\t\t\t\t\t<div class=\"elementor-container elementor-column-gap-no\">\n\t\t\t\t\t<div class=\"elementor-column elementor-col-100 elementor-top-column elementor-element elementor-element-13b3069\" data-id=\"13b3069\" data-element_type=\"column\" data-e-type=\"column\">\n\t\t\t<div class=\"elementor-widget-wrap elementor-element-populated\">\n\t\t\t\t\t\t<div class=\"elementor-element elementor-element-6b88d2d elementor-widget elementor-widget-larson-portfolio-module\" data-id=\"6b88d2d\" data-element_type=\"widget\" data-e-type=\"widget\" data-widget_type=\"larson-portfolio-module.default\">\n\t\t\t\t<div class=\"elementor-widget-container\">\n\t\t\t\t\t\n\t\t\n\t    <section class=\"webpage__featured-projects featured-projects\">\n\t\t    \t\t    <header class=\"featured-projects__header container\" data-aos=\"fade\">\n\t\t      \t\t      <h2 class=\"featured-projects__heading heading\">\n\t\t      \t<span >\n\t\t\t\t\tProjeler\t\t\t\t<\/span>\n\t\t      <\/h2>\n\t\t      \t\t      \t\t    <\/header>\n\t\t    \t\t    <div class=\"featured-projects__inner container\">\n\t\t      \t\t      <div class=\"row __js_projects-grid\">\n\t\t      \t<div class=\"grid-sizer\"><\/div>\n\t\t      \t\n\n<div class=\"featured-projects__item col-12 col-lg-4 __js_masonry-item\" data-aos=\"fade\">\n  <div class=\"preview-card\" tabindex=\"0\">\n        <div class=\"preview-card__image preview-card__image-s-0\">\n      <img decoding=\"async\" src=\"https:\/\/www.mirnadomgroup.com\/wp-content\/uploads\/2021\/08\/vdo-01.jpg\" alt=\"Verde di Oliva Residences\" \/>\n    <\/div>\n        <div class=\"preview-card__content\">\n      <h3 class=\"preview-card__heading preview-card__heading--large\">\n      \tVerde di Oliva Rezidanslar\u0131      <\/h3>\n      <div class=\"preview-card__text\">\n      \tBar, Karada\u011f'\u0131n en de\u011ferli ve g\u00fczel koyu Dobra Voda'n\u0131n ilk rezidans projesi. Sahiplerine 360\u00b0 hizmet sunar.<br \/> <br \/><strong>ANAHTAR TESL\u0130M<\/strong>      <\/div>\n      <a class=\"preview-card__btn\" href=\"https:\/\/www.mirnadomgroup.com\/tr\/portfolio\/item\/verde-di-oliva-residences\/\">See project<\/a>\n    <\/div>\n  <\/div>\n<\/div>\n\n<div class=\"featured-projects__item col-12 col-lg-4 __js_masonry-item\" data-aos=\"fade\">\n  <div class=\"preview-card\" tabindex=\"0\">\n        <div class=\"preview-card__image preview-card__image-s-0\">\n      <img decoding=\"async\" src=\"https:\/\/www.mirnadomgroup.com\/wp-content\/uploads\/2021\/08\/pamc-01.jpg\" alt=\"PAMC Residence Complex\" \/>\n    <\/div>\n        <div class=\"preview-card__content\">\n      <h3 class=\"preview-card__heading preview-card__heading--large\">\n      \tPAMC Rezidans Kompleksi      <\/h3>\n      <div class=\"preview-card__text\">\n      \tSakinler, otel misafirleri ve yerel halk i\u00e7in ev ve ayn\u0131 zamanda bir toplanma yeri olacak \u015fekilde tasarlanm\u0131\u015ft\u0131r. <br \/> <br \/><strong>KABA YAPI<\/strong>      <\/div>\n      <a class=\"preview-card__btn\" href=\"https:\/\/www.mirnadomgroup.com\/tr\/portfolio\/item\/pamc-residence-complex\/\">See project<\/a>\n    <\/div>\n  <\/div>\n<\/div>\n\n<div class=\"featured-projects__item col-12 col-lg-4 __js_masonry-item\" data-aos=\"fade\">\n  <div class=\"preview-card\" tabindex=\"0\">\n        <div class=\"preview-card__image preview-card__image-s-0\">\n      <img decoding=\"async\" src=\"https:\/\/www.mirnadomgroup.com\/wp-content\/uploads\/2022\/04\/azurro.jpg\" alt=\"Azurro Apartments\" \/>\n    <\/div>\n        <div class=\"preview-card__content\">\n      <h3 class=\"preview-card__heading preview-card__heading--large\">\n      \tAzurro Daireleri      <\/h3>\n      <div class=\"preview-card__text\">\n      \tModern apartman binas\u0131, \u00e7evredeki peyzajla se\u00e7kin, zarif \u015fekil uyumlar\u0131 sa\u011flayan en son sahil trendlerine uygundur. <br \/> <br \/><strong>\u0130NCE YAPI<\/strong>      <\/div>\n      <a class=\"preview-card__btn\" href=\"https:\/\/www.mirnadomgroup.com\/tr\/portfolio\/item\/azurro-apartments\/\">See project<\/a>\n    <\/div>\n  <\/div>\n<\/div>\n\n<div class=\"featured-projects__item col-12 col-lg-4 __js_masonry-item\" data-aos=\"fade\">\n  <div class=\"preview-card\" tabindex=\"0\">\n        <div class=\"preview-card__image preview-card__image-s-0\">\n      <img decoding=\"async\" src=\"https:\/\/www.mirnadomgroup.com\/wp-content\/uploads\/2022\/05\/2-decembar-04.jpg\" alt=\"2 Decembar Apartment\" \/>\n    <\/div>\n        <div class=\"preview-card__content\">\n      <h3 class=\"preview-card__heading preview-card__heading--large\">\n      \t2 Decembar Apartman\u0131      <\/h3>\n      <div class=\"preview-card__text\">\n      \tBar, \u0160u\u015banj'\u0131n yeni konut b\u00f6lgesinde yepyeni konut binas\u0131 lisenin yan\u0131nda yer almakta ve plaja 750 metre uzakl\u0131kta. <br \/> <br \/><strong>KABA YAPI<\/strong>      <\/div>\n      <a class=\"preview-card__btn\" href=\"https:\/\/www.mirnadomgroup.com\/tr\/portfolio\/item\/2-decembar-apartment\/\">See project<\/a>\n    <\/div>\n  <\/div>\n<\/div>\t\t      <\/div>\n\t\t      \t\t    <\/div>\n\t\t<\/section>\n\n\t    \n\t\t\t\t\t\t<\/div>\n\t\t\t\t<\/div>\n\t\t\t\t\t<\/div>\n\t\t<\/div>\n\t\t\t\t\t<\/div>\n\t\t<\/section>\n\t\t\t\t<\/div>","protected":false},"excerpt":{"rendered":"<p>Projects Verde di Oliva Residences The very first residence project of Dobra Voda; the most valuable and beautiful bay of Montenegro, counts down to meet its residents and all of their needs. See project PAMC Residence Complex Designed to be a home as well as the gathering place for residents,&#8230; <\/p>\n<div class=\"readmore\"><a href=\"https:\/\/www.mirnadomgroup.com\/tr\/portfolio\/item\/2-decembar-apartment\/\" class=\"btn-link\">Daha fazla oku<\/a><\/div>","protected":false},"author":1,"featured_media":0,"parent":0,"menu_order":0,"comment_status":"closed","ping_status":"closed","template":"template-elementor-default.php","meta":{"_acf_changed":false,"_vp_format_video_url":"","_vp_image_focal_point":[],"footnotes":""},"class_list":["post-454","page","type-page","status-publish","hentry"],"acf":[],"_links":{"self":[{"href":"https:\/\/www.mirnadomgroup.com\/tr\/wp-json\/wp\/v2\/pages\/454","targetHints":{"allow":["GET"]}}],"collection":[{"href":"https:\/\/www.mirnadomgroup.com\/tr\/wp-json\/wp\/v2\/pages"}],"about":[{"href":"https:\/\/www.mirnadomgroup.com\/tr\/wp-json\/wp\/v2\/types\/page"}],"author":[{"embeddable":true,"href":"https:\/\/www.mirnadomgroup.com\/tr\/wp-json\/wp\/v2\/users\/1"}],"replies":[{"embeddable":true,"href":"https:\/\/www.mirnadomgroup.com\/tr\/wp-json\/wp\/v2\/comments?post=454"}],"version-history":[{"count":64,"href":"https:\/\/www.mirnadomgroup.com\/tr\/wp-json\/wp\/v2\/pages\/454\/revisions"}],"predecessor-version":[{"id":2871,"href":"https:\/\/www.mirnadomgroup.com\/tr\/wp-json\/wp\/v2\/pages\/454\/revisions\/2871"}],"wp:attachment":[{"href":"https:\/\/www.mirnadomgroup.com\/tr\/wp-json\/wp\/v2\/media?parent=454"}],"curies":[{"name":"wp","href":"https:\/\/api.w.org\/{rel}","templated":true}]}}